{"id":879,"date":"2026-03-16T10:16:56","date_gmt":"2026-03-16T09:16:56","guid":{"rendered":"https:\/\/www.parasol35.org\/?page_id=879"},"modified":"2026-04-11T17:11:29","modified_gmt":"2026-04-11T15:11:29","slug":"formation-2","status":"publish","type":"page","link":"https:\/\/www.parasol35.org\/index.php\/formation-2\/","title":{"rendered":"Formations"},"content":{"rendered":"<style>.wp-block-kadence-advancedheading.kt-adv-heading879_d9d82f-69, .wp-block-kadence-advancedheading.kt-adv-heading879_d9d82f-69[data-kb-block=\"kb-adv-heading879_d9d82f-69\"]{padding-left:var(--global-kb-spacing-sm, 1.5rem);text-align:center;font-style:normal;border-top:0px solid var(--global-palette1, #3182CE);border-right:0px solid var(--global-palette1, #3182CE);border-bottom:0px solid var(--global-palette1, #3182CE);border-left:0px solid var(--global-palette1, #3182CE);}.wp-block-kadence-advancedheading.kt-adv-heading879_d9d82f-69 mark.kt-highlight, .wp-block-kadence-advancedheading.kt-adv-heading879_d9d82f-69[data-kb-block=\"kb-adv-heading879_d9d82f-69\"] mark.kt-highlight{font-style:normal;color:#f76a0c;-webkit-box-decoration-break:clone;box-decoration-break:clone;padding-top:0px;padding-right:0px;padding-bottom:0px;padding-left:0px;}.wp-block-kadence-advancedheading.kt-adv-heading879_d9d82f-69 img.kb-inline-image, .wp-block-kadence-advancedheading.kt-adv-heading879_d9d82f-69[data-kb-block=\"kb-adv-heading879_d9d82f-69\"] img.kb-inline-image{width:150px;vertical-align:baseline;}@media all and (max-width: 1024px){.wp-block-kadence-advancedheading.kt-adv-heading879_d9d82f-69, .wp-block-kadence-advancedheading.kt-adv-heading879_d9d82f-69[data-kb-block=\"kb-adv-heading879_d9d82f-69\"]{border-top:0px solid var(--global-palette1, #3182CE);border-right:0px solid var(--global-palette1, #3182CE);border-bottom:0px solid var(--global-palette1, #3182CE);border-left:0px solid var(--global-palette1, #3182CE);}}@media all and (max-width: 767px){.wp-block-kadence-advancedheading.kt-adv-heading879_d9d82f-69, .wp-block-kadence-advancedheading.kt-adv-heading879_d9d82f-69[data-kb-block=\"kb-adv-heading879_d9d82f-69\"]{border-top:0px solid var(--global-palette1, #3182CE);border-right:0px solid var(--global-palette1, #3182CE);border-bottom:0px solid var(--global-palette1, #3182CE);border-left:0px solid var(--global-palette1, #3182CE);}}<\/style>\n<h1 class=\"kt-adv-heading879_d9d82f-69 wp-block-kadence-advancedheading\" data-kb-block=\"kb-adv-heading879_d9d82f-69\">En Coop\u00e9ration avec l&rsquo;association L&rsquo;EPOK<\/h1>\n\n\n\n<h2 class=\"wp-block-heading has-text-align-center\">Parasol vous propose un programme de formations pens\u00e9 et construit pour les habitants install\u00e9s et pour ceux qui s&rsquo;int\u00e9ressent \u00e0 l&rsquo;Habitat participatif<\/h2>\n\n\n\n<div data-wp-interactive=\"core\/file\" class=\"wp-block-file alignwide\" style=\"margin-top:0;margin-right:0;margin-bottom:0;margin-left:0;padding-top:0;padding-right:var(--wp--preset--spacing--50);padding-bottom:0;padding-left:var(--wp--preset--spacing--50)\"><object data-wp-bind--hidden=\"!state.hasPdfPreview\" hidden class=\"wp-block-file__embed\" data=\"https:\/\/www.parasol35.org\/wp-content\/uploads\/2026\/04\/Programme-2026-Parasol-LEpok_V04-2026.pdf\" type=\"application\/pdf\" style=\"width:100%;height:1010px\" aria-label=\"Contenu embarqu\u00e9 Programme 2026 Parasol L&apos;Epok_V04-2026.\"><\/object><a id=\"wp-block-file--media-9aa304df-ae40-4a7f-8f97-71a0ff4a2204\" href=\"https:\/\/www.parasol35.org\/wp-content\/uploads\/2026\/04\/Programme-2026-Parasol-LEpok_V04-2026.pdf\">Programme 2026 Parasol L&rsquo;Epok_V04-2026<\/a><a href=\"https:\/\/www.parasol35.org\/wp-content\/uploads\/2026\/04\/Programme-2026-Parasol-LEpok_V04-2026.pdf\" class=\"wp-block-file__button wp-element-button\" download aria-describedby=\"wp-block-file--media-9aa304df-ae40-4a7f-8f97-71a0ff4a2204\">T\u00e9l\u00e9charger<\/a><\/div>\n","protected":false},"excerpt":{"rendered":"<p>En Coop\u00e9ration avec l&rsquo;association L&rsquo;EPOK Parasol vous propose un programme de formations pens\u00e9 et construit pour les habitants install\u00e9s et pour ceux qui s&rsquo;int\u00e9ressent \u00e0 l&rsquo;Habitat participatif<\/p>\n","protected":false},"author":2,"featured_media":0,"parent":0,"menu_order":0,"comment_status":"closed","ping_status":"closed","template":"","meta":{"_EventAllDay":false,"_EventTimezone":"","_EventStartDate":"","_EventEndDate":"","_EventStartDateUTC":"","_EventEndDateUTC":"","_EventShowMap":false,"_EventShowMapLink":false,"_EventURL":"","_EventCost":"","_EventCostDescription":"","_EventCurrencySymbol":"","_EventCurrencyCode":"","_EventCurrencyPosition":"","_EventDateTimeSeparator":"","_EventTimeRangeSeparator":"","_EventOrganizerID":[],"_EventVenueID":[],"_OrganizerEmail":"","_OrganizerPhone":"","_OrganizerWebsite":"","_VenueAddress":"","_VenueCity":"","_VenueCountry":"","_VenueProvince":"","_VenueState":"","_VenueZip":"","_VenuePhone":"","_VenueURL":"","_VenueStateProvince":"","_VenueLat":"","_VenueLng":"","_VenueShowMap":false,"_VenueShowMapLink":false,"_kad_post_transparent":"","_kad_post_title":"default","_kad_post_layout":"","_kad_post_sidebar_id":"","_kad_post_content_style":"","_kad_post_vertical_padding":"","_kad_post_feature":"","_kad_post_feature_position":"","_kad_post_header":false,"_kad_post_footer":false,"_kad_post_classname":"","iawp_total_views":51,"footnotes":""},"class_list":["post-879","page","type-page","status-publish","hentry"],"_links":{"self":[{"href":"https:\/\/www.parasol35.org\/index.php\/wp-json\/wp\/v2\/pages\/879","targetHints":{"allow":["GET"]}}],"collection":[{"href":"https:\/\/www.parasol35.org\/index.php\/wp-json\/wp\/v2\/pages"}],"about":[{"href":"https:\/\/www.parasol35.org\/index.php\/wp-json\/wp\/v2\/types\/page"}],"author":[{"embeddable":true,"href":"https:\/\/www.parasol35.org\/index.php\/wp-json\/wp\/v2\/users\/2"}],"replies":[{"embeddable":true,"href":"https:\/\/www.parasol35.org\/index.php\/wp-json\/wp\/v2\/comments?post=879"}],"version-history":[{"count":12,"href":"https:\/\/www.parasol35.org\/index.php\/wp-json\/wp\/v2\/pages\/879\/revisions"}],"predecessor-version":[{"id":915,"href":"https:\/\/www.parasol35.org\/index.php\/wp-json\/wp\/v2\/pages\/879\/revisions\/915"}],"wp:attachment":[{"href":"https:\/\/www.parasol35.org\/index.php\/wp-json\/wp\/v2\/media?parent=879"}],"curies":[{"name":"wp","href":"https:\/\/api.w.org\/{rel}","templated":true}]}}